{"id":137,"date":"2025-03-22T14:00:10","date_gmt":"2025-03-22T14:00:10","guid":{"rendered":"https:\/\/airportcasablanca.com\/?page_id=137"},"modified":"2025-03-22T14:04:55","modified_gmt":"2025-03-22T14:04:55","slug":"politica-de-privacidad","status":"publish","type":"page","link":"https:\/\/airportcasablanca.com\/es\/politique-de-confidentialite\/","title":{"rendered":"Pol\u00edtica de privacidad"},"content":{"rendered":"<div data-elementor-type=\"wp-page\" data-elementor-id=\"137\" class=\"elementor elementor-137\" data-elementor-post-type=\"page\">\n\t\t\t\t\t\t<section class=\"elementor-section elementor-top-section elementor-element elementor-element-17d9d04a elementor-section-height-min-height elementor-section-boxed elementor-section-height-default elementor-section-items-middle\" data-id=\"17d9d04a\" data-element_type=\"section\" data-e-type=\"section\" data-settings=\"{&quot;background_background&quot;:&quot;classic&quot;}\">\n\t\t\t\t\t\t\t<div class=\"elementor-background-overlay\"><\/div>\n\t\t\t\t\t\t\t<div class=\"elementor-container elementor-column-gap-default\">\n\t\t\t\t\t<div class=\"elementor-column elementor-col-100 elementor-top-column elementor-element elementor-element-145c2da9\" data-id=\"145c2da9\" data-element_type=\"column\" data-e-type=\"column\">\n\t\t\t<div class=\"elementor-widget-wrap elementor-element-populated\">\n\t\t\t\t\t\t<div class=\"elementor-element elementor-element-a72e533 elementor-widget elementor-widget-heading\" data-id=\"a72e533\" data-element_type=\"widget\" data-e-type=\"widget\" data-widget_type=\"heading.default\">\n\t\t\t\t<div class=\"elementor-widget-container\">\n\t\t\t\t\t<h1 class=\"elementor-heading-title elementor-size-default\">Pol\u00edtica de privacidad\n<\/h1>\t\t\t\t<\/div>\n\t\t\t\t<\/div>\n\t\t\t\t<div class=\"elementor-element elementor-element-1f67717 elementor-align-center elementor-widget elementor-widget-post-info\" data-id=\"1f67717\" data-element_type=\"widget\" data-e-type=\"widget\" data-widget_type=\"post-info.default\">\n\t\t\t\t<div class=\"elementor-widget-container\">\n\t\t\t\t\t\t\t<ul class=\"elementor-inline-items elementor-icon-list-items elementor-post-info\">\n\t\t\t\t\t\t\t\t<li class=\"elementor-icon-list-item elementor-repeater-item-03b8928 elementor-inline-item\" itemprop=\"datePublished\">\n\t\t\t\t\t\t<a href=\"https:\/\/airportcasablanca.com\/es\/2025\/03\/22\/\">\n\t\t\t\t\t\t\t\t\t\t\t<span class=\"elementor-icon-list-icon\">\n\t\t\t\t\t\t\t\t<svg aria-hidden=\"true\" class=\"e-font-icon-svg e-fas-calendar\" viewbox=\"0 0 448 512\" xmlns=\"http:\/\/www.w3.org\/2000\/svg\"><path d=\"M12 192h424c6.6 0 12 5.4 12 12v260c0 26.5-21.5 48-48 48H48c-26.5 0-48-21.5-48-48V204c0-6.6 5.4-12 12-12zm436-44v-36c0-26.5-21.5-48-48-48h-48V12c0-6.6-5.4-12-12-12h-40c-6.6 0-12 5.4-12 12v52H160V12c0-6.6-5.4-12-12-12h-40c-6.6 0-12 5.4-12 12v52H48C21.5 64 0 85.5 0 112v36c0 6.6 5.4 12 12 12h424c6.6 0 12-5.4 12-12z\"><\/path><\/svg>\t\t\t\t\t\t\t<\/span>\n\t\t\t\t\t\t\t\t\t<span class=\"elementor-icon-list-text elementor-post-info__item elementor-post-info__item--type-date\">\n\t\t\t\t\t\t\t<span class=\"elementor-post-info__item-prefix\">\u00daltima actualizaci\u00f3n<\/span>\n\t\t\t\t\t\t\t\t\t\t<time>22 de marzo de 2025<\/time>\t\t\t\t\t<\/span>\n\t\t\t\t\t\t\t\t\t<\/a>\n\t\t\t\t<\/li>\n\t\t\t\t<li class=\"elementor-icon-list-item elementor-repeater-item-19269c8 elementor-inline-item\">\n\t\t\t\t\t\t\t\t\t\t<span class=\"elementor-icon-list-icon\">\n\t\t\t\t\t\t\t\t<svg aria-hidden=\"true\" class=\"e-font-icon-svg e-far-clock\" viewbox=\"0 0 512 512\" xmlns=\"http:\/\/www.w3.org\/2000\/svg\"><path d=\"M256 8C119 8 8 119 8 256s111 248 248 248 248-111 248-248S393 8 256 8zm0 448c-110.5 0-200-89.5-200-200S145.5 56 256 56s200 89.5 200 200-89.5 200-200 200zm61.8-104.4l-84.9-61.7c-3.1-2.3-4.9-5.9-4.9-9.7V116c0-6.6 5.4-12 12-12h32c6.6 0 12 5.4 12 12v141.7l66.8 48.6c5.4 3.9 6.5 11.4 2.6 16.8L334.6 349c-3.9 5.3-11.4 6.5-16.8 2.6z\"><\/path><\/svg>\t\t\t\t\t\t\t<\/span>\n\t\t\t\t\t\t\t\t\t<span class=\"elementor-icon-list-text elementor-post-info__item elementor-post-info__item--type-time\">\n\t\t\t\t\t\t\t\t\t\t<time>14:00 h<\/time>\t\t\t\t\t<\/span>\n\t\t\t\t\t\t\t\t<\/li>\n\t\t\t\t<\/ul>\n\t\t\t\t\t\t<\/div>\n\t\t\t\t<\/div>\n\t\t\t\t<div class=\"elementor-element elementor-element-5ec3afe7 elementor-view-default elementor-invisible elementor-widget elementor-widget-icon\" data-id=\"5ec3afe7\" data-element_type=\"widget\" data-e-type=\"widget\" data-settings=\"{&quot;_animation&quot;:&quot;fadeInDown&quot;,&quot;_animation_delay&quot;:500}\" data-widget_type=\"icon.default\">\n\t\t\t\t<div class=\"elementor-widget-container\">\n\t\t\t\t\t\t\t<div class=\"elementor-icon-wrapper\">\n\t\t\t<div class=\"elementor-icon\">\n\t\t\t<svg aria-hidden=\"true\" class=\"e-font-icon-svg e-fas-chevron-down\" viewbox=\"0 0 448 512\" xmlns=\"http:\/\/www.w3.org\/2000\/svg\"><path d=\"M207.029 381.476L12.686 187.132c-9.373-9.373-9.373-24.569 0-33.941l22.667-22.667c9.357-9.357 24.522-9.375 33.901-.04L224 284.505l154.745-154.021c9.379-9.335 24.544-9.317 33.901.04l22.667 22.667c9.373 9.373 9.373 24.569 0 33.941L240.971 381.476c-9.373 9.372-24.569 9.372-33.942 0z\"><\/path><\/svg>\t\t\t<\/div>\n\t\t<\/div>\n\t\t\t\t\t\t<\/div>\n\t\t\t\t<\/div>\n\t\t\t\t\t<\/div>\n\t\t<\/div>\n\t\t\t\t\t<\/div>\n\t\t<\/section>\n\t\t\t\t<section class=\"elementor-section elementor-top-section elementor-element elementor-element-738b367a elementor-section-content-middle elementor-section-boxed elementor-section-height-default elementor-section-height-default\" data-id=\"738b367a\" data-element_type=\"section\" data-e-type=\"section\">\n\t\t\t\t\t\t<div class=\"elementor-container elementor-column-gap-default\">\n\t\t\t\t\t<div class=\"elementor-column elementor-col-50 elementor-top-column elementor-element elementor-element-4b5ac253\" data-id=\"4b5ac253\" data-element_type=\"column\" data-e-type=\"column\">\n\t\t\t<div class=\"elementor-widget-wrap elementor-element-populated\">\n\t\t\t\t\t\t<div class=\"elementor-element elementor-element-1599804c elementor-widget elementor-widget-heading\" data-id=\"1599804c\" data-element_type=\"widget\" data-e-type=\"widget\" data-widget_type=\"heading.default\">\n\t\t\t\t<div class=\"elementor-widget-container\">\n\t\t\t\t\t<h2 class=\"elementor-heading-title elementor-size-default\">Pol\u00edtica de privacidad<\/h2>\t\t\t\t<\/div>\n\t\t\t\t<\/div>\n\t\t\t\t<div class=\"elementor-element elementor-element-d15625e elementor-widget elementor-widget-text-editor\" data-id=\"d15625e\" data-element_type=\"widget\" data-e-type=\"widget\" data-widget_type=\"text-editor.default\">\n\t\t\t\t<div class=\"elementor-widget-container\">\n\t\t\t\t\t\t\t\t\t<p data-start=\"244\" data-end=\"529\">Bienvenido a <a href=\"https:\/\/airportcasablanca.com\/\"><strong data-start=\"258\" data-end=\"285\">aeropuerto-Casablanca.com<\/strong><\/a>. La protecci\u00f3n de sus datos personales es una prioridad para nosotros. Esta pol\u00edtica de privacidad describe c\u00f3mo recopilamos, utilizamos, compartimos y protegemos su informaci\u00f3n cuando utiliza nuestro sitio web.<\/p>\n<h4 data-start=\"531\" data-end=\"557\"><strong data-start=\"536\" data-end=\"557\">\u00bfQui\u00e9nes somos?<\/strong><\/h4>\n<p data-start=\"558\" data-end=\"834\">Este aviso de confidencialidad se aplica a <strong data-start=\"599\" data-end=\"622\">Aeropuerto de Casablanca<\/strong> (\u00abnosotros\u00bb, \u00abnos\u00bb o \u00abnuestro\u00bb) y explica c\u00f3mo y por qu\u00e9 podemos recoger, procesar, almacenar o compartir sus datos personales cuando accede a nuestros servicios, incluso a trav\u00e9s de este sitio web.<\/p>\n<h4 data-start=\"836\" data-end=\"874\"><strong data-start=\"841\" data-end=\"874\">\u00bfPreguntas o dudas?<\/strong><\/h4>\n<p data-start=\"875\" data-end=\"1067\">La lectura de esta pol\u00edtica le ayudar\u00e1 a comprender sus derechos en materia de protecci\u00f3n de datos. Si no acepta nuestras pr\u00e1cticas, no utilice nuestros servicios.<\/p>\t\t\t\t\t\t\t\t<\/div>\n\t\t\t\t<\/div>\n\t\t\t\t<div class=\"elementor-element elementor-element-c0f0dd5 elementor-widget elementor-widget-heading\" data-id=\"c0f0dd5\" data-element_type=\"widget\" data-e-type=\"widget\" data-widget_type=\"heading.default\">\n\t\t\t\t<div class=\"elementor-widget-container\">\n\t\t\t\t\t<h2 class=\"elementor-heading-title elementor-size-default\">1. Informaci\u00f3n recogida<\/h2>\t\t\t\t<\/div>\n\t\t\t\t<\/div>\n\t\t\t\t<div class=\"elementor-element elementor-element-0cba723 elementor-widget elementor-widget-text-editor\" data-id=\"0cba723\" data-element_type=\"widget\" data-e-type=\"widget\" data-widget_type=\"text-editor.default\">\n\t\t\t\t<div class=\"elementor-widget-container\">\n\t\t\t\t\t\t\t\t\t<p data-start=\"1110\" data-end=\"1127\">Recogemos :<\/p>\n<ul data-start=\"1128\" data-end=\"1419\">\n<li data-start=\"1128\" data-end=\"1259\"><strong data-start=\"1130\" data-end=\"1183\">Informaci\u00f3n que nos facilite directamente<\/strong> (formulario de contacto, bolet\u00edn, etc.): nombre, direcci\u00f3n de correo electr\u00f3nico, n\u00famero de tel\u00e9fono, etc.<\/li>\n<li data-start=\"1260\" data-end=\"1419\"><strong data-start=\"1262\" data-end=\"1300\">Datos recogidos autom\u00e1ticamente<\/strong> durante su navegaci\u00f3n: direcci\u00f3n IP, tipo de navegador, sistema operativo, fecha y hora de la consulta, etc.<\/li>\n<\/ul>\t\t\t\t\t\t\t\t<\/div>\n\t\t\t\t<\/div>\n\t\t\t\t<div class=\"elementor-element elementor-element-d4adc8b elementor-widget elementor-widget-heading\" data-id=\"d4adc8b\" data-element_type=\"widget\" data-e-type=\"widget\" data-widget_type=\"heading.default\">\n\t\t\t\t<div class=\"elementor-widget-container\">\n\t\t\t\t\t<h2 class=\"elementor-heading-title elementor-size-default\">2. Uso de sus datos<\/h2>\t\t\t\t<\/div>\n\t\t\t\t<\/div>\n\t\t\t\t<div class=\"elementor-element elementor-element-b8612e0 elementor-widget elementor-widget-text-editor\" data-id=\"b8612e0\" data-element_type=\"widget\" data-e-type=\"widget\" data-widget_type=\"text-editor.default\">\n\t\t\t\t<div class=\"elementor-widget-container\">\n\t\t\t\t\t\t\t\t\t<p data-start=\"1465\" data-end=\"1515\">La informaci\u00f3n recogida se utiliza para :<\/p>\n<ul data-start=\"1516\" data-end=\"1837\">\n<li data-start=\"1516\" data-end=\"1573\">Garantizar el buen funcionamiento y mantenimiento del sitio web<\/li>\n<li data-start=\"1574\" data-end=\"1640\">Mejorar la experiencia del usuario y personalizar los contenidos<\/li>\n<li data-start=\"1641\" data-end=\"1703\">Comprender c\u00f3mo se utiliza el sitio para optimizar nuestros servicios.<\/li>\n<li data-start=\"1704\" data-end=\"1764\">Ponernos en contacto con usted (servicio de atenci\u00f3n al cliente, asistencia, actualizaciones, etc.)<\/li>\n<li data-start=\"1765\" data-end=\"1837\">Comunicar ofertas promocionales o informaci\u00f3n relevante<\/li>\n<\/ul>\t\t\t\t\t\t\t\t<\/div>\n\t\t\t\t<\/div>\n\t\t\t\t<div class=\"elementor-element elementor-element-9bd84bf elementor-widget elementor-widget-heading\" data-id=\"9bd84bf\" data-element_type=\"widget\" data-e-type=\"widget\" data-widget_type=\"heading.default\">\n\t\t\t\t<div class=\"elementor-widget-container\">\n\t\t\t\t\t<h2 class=\"elementor-heading-title elementor-size-default\">3. 3. Intercambio de datos<\/h2>\t\t\t\t<\/div>\n\t\t\t\t<\/div>\n\t\t\t\t<div class=\"elementor-element elementor-element-9897369 elementor-widget elementor-widget-text-editor\" data-id=\"9897369\" data-element_type=\"widget\" data-e-type=\"widget\" data-widget_type=\"text-editor.default\">\n\t\t\t\t<div class=\"elementor-widget-container\">\n\t\t\t\t\t\t\t\t\t<p data-start=\"1876\" data-end=\"1916\">Podemos compartir su informaci\u00f3n:<\/p>\n<ul data-start=\"1917\" data-end=\"2138\">\n<li data-start=\"1917\" data-end=\"1984\">Con proveedores de servicios bajo acuerdos de confidencialidad<\/li>\n<li data-start=\"1985\" data-end=\"2055\">Con socios afiliados para actividades comerciales<\/li>\n<li data-start=\"2056\" data-end=\"2138\">Con otros usuarios si interact\u00faa en \u00e1reas p\u00fablicas del sitio<\/li>\n<\/ul>\t\t\t\t\t\t\t\t<\/div>\n\t\t\t\t<\/div>\n\t\t\t\t<div class=\"elementor-element elementor-element-7d8ce05 elementor-widget elementor-widget-heading\" data-id=\"7d8ce05\" data-element_type=\"widget\" data-e-type=\"widget\" data-widget_type=\"heading.default\">\n\t\t\t\t<div class=\"elementor-widget-container\">\n\t\t\t\t\t<h2 class=\"elementor-heading-title elementor-size-default\">4. Servicios de terceros<\/h2>\t\t\t\t<\/div>\n\t\t\t\t<\/div>\n\t\t\t\t<div class=\"elementor-element elementor-element-e7fb6e0 elementor-widget elementor-widget-text-editor\" data-id=\"e7fb6e0\" data-element_type=\"widget\" data-e-type=\"widget\" data-widget_type=\"text-editor.default\">\n\t\t\t\t<div class=\"elementor-widget-container\">\n\t\t\t\t\t\t\t\t\t<p>Nuestro sitio puede contener enlaces a sitios o servicios de terceros. No somos <strong data-start=\"2256\" data-end=\"2276\">no responsable<\/strong> las pol\u00edticas de privacidad o el contenido de estos sitios externos. Por favor, consulte sus pol\u00edticas antes de cualquier interacci\u00f3n.<\/p>\t\t\t\t\t\t\t\t<\/div>\n\t\t\t\t<\/div>\n\t\t\t\t<div class=\"elementor-element elementor-element-de40e6e elementor-widget elementor-widget-heading\" data-id=\"de40e6e\" data-element_type=\"widget\" data-e-type=\"widget\" data-widget_type=\"heading.default\">\n\t\t\t\t<div class=\"elementor-widget-container\">\n\t\t\t\t\t<h2 class=\"elementor-heading-title elementor-size-default\">5. Seguridad de sus datos<\/h2>\t\t\t\t<\/div>\n\t\t\t\t<\/div>\n\t\t\t\t<div class=\"elementor-element elementor-element-3d79986 elementor-widget elementor-widget-text-editor\" data-id=\"3d79986\" data-element_type=\"widget\" data-e-type=\"widget\" data-widget_type=\"text-editor.default\">\n\t\t\t\t<div class=\"elementor-widget-container\">\n\t\t\t\t\t\t\t\t\t<p data-start=\"152\" data-end=\"485\">Estamos creando <strong data-start=\"2477\" data-end=\"2534\">medidas t\u00e9cnicas y organizativas razonables<\/strong> proteger sus datos contra el acceso no autorizado, p\u00e9rdida, alteraci\u00f3n o divulgaci\u00f3n.<\/p>\t\t\t\t\t\t\t\t<\/div>\n\t\t\t\t<\/div>\n\t\t\t\t<div class=\"elementor-element elementor-element-e36d573 elementor-widget elementor-widget-heading\" data-id=\"e36d573\" data-element_type=\"widget\" data-e-type=\"widget\" data-widget_type=\"heading.default\">\n\t\t\t\t<div class=\"elementor-widget-container\">\n\t\t\t\t\t<h2 class=\"elementor-heading-title elementor-size-default\">6. Sus derechos<\/h2>\t\t\t\t<\/div>\n\t\t\t\t<\/div>\n\t\t\t\t<div class=\"elementor-element elementor-element-3eb3db3 elementor-widget elementor-widget-text-editor\" data-id=\"3eb3db3\" data-element_type=\"widget\" data-e-type=\"widget\" data-widget_type=\"text-editor.default\">\n\t\t\t\t<div class=\"elementor-widget-container\">\n\t\t\t\t\t\t\t\t\t<p data-start=\"2657\" data-end=\"2731\">Dependiendo de d\u00f3nde viva, puede beneficiarse de derechos como :<\/p>\n<ul data-start=\"2732\" data-end=\"2881\">\n<li data-start=\"2732\" data-end=\"2777\">Derecho a acceder a sus datos personales<\/li>\n<li data-start=\"2778\" data-end=\"2805\">Derecho de rectificaci\u00f3n<\/li>\n<li data-start=\"2806\" data-end=\"2831\">Derecho de supresi\u00f3n<\/li>\n<li data-start=\"2832\" data-end=\"2881\">Derecho a oponerse a determinados tratamientos<\/li>\n<\/ul>\n<p data-start=\"2883\" data-end=\"2964\">Para ejercer sus derechos, p\u00f3ngase en contacto con nosotros a trav\u00e9s de nuestro formulario de contacto.<\/p>\t\t\t\t\t\t\t\t<\/div>\n\t\t\t\t<\/div>\n\t\t\t\t<div class=\"elementor-element elementor-element-d1c4e40 elementor-widget elementor-widget-heading\" data-id=\"d1c4e40\" data-element_type=\"widget\" data-e-type=\"widget\" data-widget_type=\"heading.default\">\n\t\t\t\t<div class=\"elementor-widget-container\">\n\t\t\t\t\t<h2 class=\"elementor-heading-title elementor-size-default\">7. Modificaciones de esta pol\u00edtica<\/h2>\t\t\t\t<\/div>\n\t\t\t\t<\/div>\n\t\t\t\t<div class=\"elementor-element elementor-element-1ab885f elementor-widget elementor-widget-text-editor\" data-id=\"1ab885f\" data-element_type=\"widget\" data-e-type=\"widget\" data-widget_type=\"text-editor.default\">\n\t\t\t\t<div class=\"elementor-widget-container\">\n\t\t\t\t\t\t\t\t\t<p>Esta pol\u00edtica de privacidad puede actualizarse en cualquier momento. En caso de modificaci\u00f3n, la versi\u00f3n revisada se publicar\u00e1 en esta p\u00e1gina con la fecha de la actualizaci\u00f3n.<\/p>\t\t\t\t\t\t\t\t<\/div>\n\t\t\t\t<\/div>\n\t\t\t\t\t<\/div>\n\t\t<\/div>\n\t\t\t\t<div class=\"elementor-column elementor-col-50 elementor-top-column elementor-element elementor-element-79138a1a\" data-id=\"79138a1a\" data-element_type=\"column\" data-e-type=\"column\" data-settings=\"{&quot;background_background&quot;:&quot;classic&quot;}\">\n\t\t\t<div class=\"elementor-widget-wrap elementor-element-populated\">\n\t\t\t\t\t\t<div class=\"elementor-element elementor-element-16e7c713 elementor-widget elementor-widget-spacer\" data-id=\"16e7c713\" data-element_type=\"widget\" data-e-type=\"widget\" data-widget_type=\"spacer.default\">\n\t\t\t\t<div class=\"elementor-widget-container\">\n\t\t\t\t\t\t\t<div class=\"elementor-spacer\">\n\t\t\t<div class=\"elementor-spacer-inner\"><\/div>\n\t\t<\/div>\n\t\t\t\t\t\t<\/div>\n\t\t\t\t<\/div>\n\t\t\t\t\t<\/div>\n\t\t<\/div>\n\t\t\t\t\t<\/div>\n\t\t<\/section>\n\t\t\t\t<section class=\"elementor-section elementor-top-section elementor-element elementor-element-75d804ab elementor-section-boxed elementor-section-height-default elementor-section-height-default\" data-id=\"75d804ab\" data-element_type=\"section\" data-e-type=\"section\" data-settings=\"{&quot;background_background&quot;:&quot;classic&quot;}\">\n\t\t\t\t\t\t<div class=\"elementor-container elementor-column-gap-default\">\n\t\t\t\t\t<div class=\"elementor-column elementor-col-100 elementor-top-column elementor-element elementor-element-4182714f\" data-id=\"4182714f\" data-element_type=\"column\" data-e-type=\"column\">\n\t\t\t<div class=\"elementor-widget-wrap elementor-element-populated\">\n\t\t\t\t\t\t<section class=\"elementor-section elementor-inner-section elementor-element elementor-element-2dd58959 elementor-section-boxed elementor-section-height-default elementor-section-height-default\" data-id=\"2dd58959\" data-element_type=\"section\" data-e-type=\"section\">\n\t\t\t\t\t\t<div class=\"elementor-container elementor-column-gap-default\">\n\t\t\t\t\t<div class=\"elementor-column elementor-col-33 elementor-inner-column elementor-element elementor-element-5824ea54\" data-id=\"5824ea54\" data-element_type=\"column\" data-e-type=\"column\">\n\t\t\t<div class=\"elementor-widget-wrap elementor-element-populated\">\n\t\t\t\t\t\t<div class=\"elementor-element elementor-element-23eac52 elementor-view-stacked elementor-shape-square elementor-widget elementor-widget-icon\" data-id=\"23eac52\" data-element_type=\"widget\" data-e-type=\"widget\" data-widget_type=\"icon.default\">\n\t\t\t\t<div class=\"elementor-widget-container\">\n\t\t\t\t\t\t\t<div class=\"elementor-icon-wrapper\">\n\t\t\t<div class=\"elementor-icon\">\n\t\t\t<svg aria-hidden=\"true\" class=\"e-font-icon-svg e-fas-passport\" viewbox=\"0 0 448 512\" xmlns=\"http:\/\/www.w3.org\/2000\/svg\"><path d=\"M129.62 176h39.09c1.49-27.03 6.54-51.35 14.21-70.41-27.71 13.24-48.02 39.19-53.3 70.41zm0 32c5.29 31.22 25.59 57.17 53.3 70.41-7.68-19.06-12.72-43.38-14.21-70.41h-39.09zM224 286.69c7.69-7.45 20.77-34.42 23.43-78.69h-46.87c2.67 44.26 15.75 71.24 23.44 78.69zM200.57 176h46.87c-2.66-44.26-15.74-71.24-23.43-78.69-7.7 7.45-20.78 34.43-23.44 78.69zm64.51 102.41c27.71-13.24 48.02-39.19 53.3-70.41h-39.09c-1.49 27.03-6.53 51.35-14.21 70.41zM416 0H64C28.65 0 0 28.65 0 64v384c0 35.35 28.65 64 64 64h352c17.67 0 32-14.33 32-32V32c0-17.67-14.33-32-32-32zm-80 416H112c-8.8 0-16-7.2-16-16s7.2-16 16-16h224c8.8 0 16 7.2 16 16s-7.2 16-16 16zm-112-96c-70.69 0-128-57.31-128-128S153.31 64 224 64s128 57.31 128 128-57.31 128-128 128zm41.08-214.41c7.68 19.06 12.72 43.38 14.21 70.41h39.09c-5.28-31.22-25.59-57.17-53.3-70.41z\"><\/path><\/svg>\t\t\t<\/div>\n\t\t<\/div>\n\t\t\t\t\t\t<\/div>\n\t\t\t\t<\/div>\n\t\t\t\t<div class=\"elementor-element elementor-element-277045c elementor-widget elementor-widget-heading\" data-id=\"277045c\" data-element_type=\"widget\" data-e-type=\"widget\" data-widget_type=\"heading.default\">\n\t\t\t\t<div class=\"elementor-widget-container\">\n\t\t\t\t\t<p class=\"elementor-heading-title elementor-size-default\">32 M<\/p>\t\t\t\t<\/div>\n\t\t\t\t<\/div>\n\t\t\t\t<div class=\"elementor-element elementor-element-c67d14f elementor-widget elementor-widget-heading\" data-id=\"c67d14f\" data-element_type=\"widget\" data-e-type=\"widget\" data-widget_type=\"heading.default\">\n\t\t\t\t<div class=\"elementor-widget-container\">\n\t\t\t\t\t<h3 class=\"elementor-heading-title elementor-size-default\">Tr\u00e1fico anual de pasajeros<\/h3>\t\t\t\t<\/div>\n\t\t\t\t<\/div>\n\t\t\t\t\t<\/div>\n\t\t<\/div>\n\t\t\t\t<div class=\"elementor-column elementor-col-33 elementor-inner-column elementor-element elementor-element-01a8991\" data-id=\"01a8991\" data-element_type=\"column\" data-e-type=\"column\">\n\t\t\t<div class=\"elementor-widget-wrap elementor-element-populated\">\n\t\t\t\t\t\t<div class=\"elementor-element elementor-element-152896f elementor-view-stacked elementor-shape-square elementor-widget elementor-widget-icon\" data-id=\"152896f\" data-element_type=\"widget\" data-e-type=\"widget\" data-widget_type=\"icon.default\">\n\t\t\t\t<div class=\"elementor-widget-container\">\n\t\t\t\t\t\t\t<div class=\"elementor-icon-wrapper\">\n\t\t\t<div class=\"elementor-icon\">\n\t\t\t<svg aria-hidden=\"true\" class=\"e-font-icon-svg e-fas-plane-departure\" viewbox=\"0 0 640 512\" xmlns=\"http:\/\/www.w3.org\/2000\/svg\"><path d=\"M624 448H16c-8.84 0-16 7.16-16 16v32c0 8.84 7.16 16 16 16h608c8.84 0 16-7.16 16-16v-32c0-8.84-7.16-16-16-16zM80.55 341.27c6.28 6.84 15.1 10.72 24.33 10.71l130.54-.18a65.62 65.62 0 0 0 29.64-7.12l290.96-147.65c26.74-13.57 50.71-32.94 67.02-58.31 18.31-28.48 20.3-49.09 13.07-63.65-7.21-14.57-24.74-25.27-58.25-27.45-29.85-1.94-59.54 5.92-86.28 19.48l-98.51 49.99-218.7-82.06a17.799 17.799 0 0 0-18-1.11L90.62 67.29c-10.67 5.41-13.25 19.65-5.17 28.53l156.22 98.1-103.21 52.38-72.35-36.47a17.804 17.804 0 0 0-16.07.02L9.91 230.22c-10.44 5.3-13.19 19.12-5.57 28.08l76.21 82.97z\"><\/path><\/svg>\t\t\t<\/div>\n\t\t<\/div>\n\t\t\t\t\t\t<\/div>\n\t\t\t\t<\/div>\n\t\t\t\t<div class=\"elementor-element elementor-element-cf70f3b elementor-widget elementor-widget-heading\" data-id=\"cf70f3b\" data-element_type=\"widget\" data-e-type=\"widget\" data-widget_type=\"heading.default\">\n\t\t\t\t<div class=\"elementor-widget-container\">\n\t\t\t\t\t<p class=\"elementor-heading-title elementor-size-default\"> 5.714 vuelos<\/p>\t\t\t\t<\/div>\n\t\t\t\t<\/div>\n\t\t\t\t<div class=\"elementor-element elementor-element-b8d278c elementor-widget elementor-widget-heading\" data-id=\"b8d278c\" data-element_type=\"widget\" data-e-type=\"widget\" data-widget_type=\"heading.default\">\n\t\t\t\t<div class=\"elementor-widget-container\">\n\t\t\t\t\t<h3 class=\"elementor-heading-title elementor-size-default\">Operaciones de vuelo<\/h3>\t\t\t\t<\/div>\n\t\t\t\t<\/div>\n\t\t\t\t\t<\/div>\n\t\t<\/div>\n\t\t\t\t<div class=\"elementor-column elementor-col-33 elementor-inner-column elementor-element elementor-element-1e26c2f1\" data-id=\"1e26c2f1\" data-element_type=\"column\" data-e-type=\"column\">\n\t\t\t<div class=\"elementor-widget-wrap elementor-element-populated\">\n\t\t\t\t\t\t<div class=\"elementor-element elementor-element-616d0557 elementor-view-stacked elementor-shape-square elementor-widget elementor-widget-icon\" data-id=\"616d0557\" data-element_type=\"widget\" data-e-type=\"widget\" data-widget_type=\"icon.default\">\n\t\t\t\t<div class=\"elementor-widget-container\">\n\t\t\t\t\t\t\t<div class=\"elementor-icon-wrapper\">\n\t\t\t<div class=\"elementor-icon\">\n\t\t\t<svg aria-hidden=\"true\" class=\"e-font-icon-svg e-fas-chart-bar\" viewbox=\"0 0 512 512\" xmlns=\"http:\/\/www.w3.org\/2000\/svg\"><path d=\"M332.8 320h38.4c6.4 0 12.8-6.4 12.8-12.8V172.8c0-6.4-6.4-12.8-12.8-12.8h-38.4c-6.4 0-12.8 6.4-12.8 12.8v134.4c0 6.4 6.4 12.8 12.8 12.8zm96 0h38.4c6.4 0 12.8-6.4 12.8-12.8V76.8c0-6.4-6.4-12.8-12.8-12.8h-38.4c-6.4 0-12.8 6.4-12.8 12.8v230.4c0 6.4 6.4 12.8 12.8 12.8zm-288 0h38.4c6.4 0 12.8-6.4 12.8-12.8v-70.4c0-6.4-6.4-12.8-12.8-12.8h-38.4c-6.4 0-12.8 6.4-12.8 12.8v70.4c0 6.4 6.4 12.8 12.8 12.8zm96 0h38.4c6.4 0 12.8-6.4 12.8-12.8V108.8c0-6.4-6.4-12.8-12.8-12.8h-38.4c-6.4 0-12.8 6.4-12.8 12.8v198.4c0 6.4 6.4 12.8 12.8 12.8zM496 384H64V80c0-8.84-7.16-16-16-16H16C7.16 64 0 71.16 0 80v336c0 17.67 14.33 32 32 32h464c8.84 0 16-7.16 16-16v-32c0-8.84-7.16-16-16-16z\"><\/path><\/svg>\t\t\t<\/div>\n\t\t<\/div>\n\t\t\t\t\t\t<\/div>\n\t\t\t\t<\/div>\n\t\t\t\t<div class=\"elementor-element elementor-element-1cac198 elementor-widget elementor-widget-heading\" data-id=\"1cac198\" data-element_type=\"widget\" data-e-type=\"widget\" data-widget_type=\"heading.default\">\n\t\t\t\t<div class=\"elementor-widget-container\">\n\t\t\t\t\t<p class=\"elementor-heading-title elementor-size-default\">99%<\/p>\t\t\t\t<\/div>\n\t\t\t\t<\/div>\n\t\t\t\t<div class=\"elementor-element elementor-element-10c1ed8 elementor-widget elementor-widget-heading\" data-id=\"10c1ed8\" data-element_type=\"widget\" data-e-type=\"widget\" data-widget_type=\"heading.default\">\n\t\t\t\t<div class=\"elementor-widget-container\">\n\t\t\t\t\t<h3 class=\"elementor-heading-title elementor-size-default\">satisfacci\u00f3n<\/h3>\t\t\t\t<\/div>\n\t\t\t\t<\/div>\n\t\t\t\t\t<\/div>\n\t\t<\/div>\n\t\t\t\t\t<\/div>\n\t\t<\/section>\n\t\t\t\t\t<\/div>\n\t\t<\/div>\n\t\t\t\t\t<\/div>\n\t\t<\/section>\n\t\t\t\t<\/div>","protected":false},"excerpt":{"rendered":"<p>Politique De Confidentialit\u00e9 Politique De Confidentialit\u00e9 Bienvenue sur airport-Casablanca.com. La protection de vos donn\u00e9es personnelles est une priorit\u00e9 pour nous. Cette politique de confidentialit\u00e9 d\u00e9crit la mani\u00e8re dont nous collectons, utilisons, partageons et s\u00e9curisons vos informations lors de votre utilisation de notre site web. Qui sommes-nous ? Cet avis de confidentialit\u00e9 s\u2019applique \u00e0 A\u00e9roport Casablanca [&hellip;]<\/p>\n","protected":false},"author":1,"featured_media":0,"parent":0,"menu_order":0,"comment_status":"closed","ping_status":"closed","template":"","meta":{"footnotes":""},"class_list":["post-137","page","type-page","status-publish","hentry"],"_links":{"self":[{"href":"https:\/\/airportcasablanca.com\/es\/wp-json\/wp\/v2\/pages\/137","targetHints":{"allow":["GET"]}}],"collection":[{"href":"https:\/\/airportcasablanca.com\/es\/wp-json\/wp\/v2\/pages"}],"about":[{"href":"https:\/\/airportcasablanca.com\/es\/wp-json\/wp\/v2\/types\/page"}],"author":[{"embeddable":true,"href":"https:\/\/airportcasablanca.com\/es\/wp-json\/wp\/v2\/users\/1"}],"replies":[{"embeddable":true,"href":"https:\/\/airportcasablanca.com\/es\/wp-json\/wp\/v2\/comments?post=137"}],"version-history":[{"count":5,"href":"https:\/\/airportcasablanca.com\/es\/wp-json\/wp\/v2\/pages\/137\/revisions"}],"predecessor-version":[{"id":142,"href":"https:\/\/airportcasablanca.com\/es\/wp-json\/wp\/v2\/pages\/137\/revisions\/142"}],"wp:attachment":[{"href":"https:\/\/airportcasablanca.com\/es\/wp-json\/wp\/v2\/media?parent=137"}],"curies":[{"name":"wp","href":"https:\/\/api.w.org\/{rel}","templated":true}]}}