{"id":158,"date":"2025-03-22T15:11:59","date_gmt":"2025-03-22T15:11:59","guid":{"rendered":"https:\/\/airportcasablanca.com\/?page_id=158"},"modified":"2025-10-18T12:48:14","modified_gmt":"2025-10-18T12:48:14","slug":"transport","status":"publish","type":"page","link":"https:\/\/airportcasablanca.com\/en\/transport\/","title":{"rendered":"Transportation"},"content":{"rendered":"<div data-elementor-type=\"wp-page\" data-elementor-id=\"158\" class=\"elementor elementor-158\" data-elementor-post-type=\"page\">\n\t\t\t\t\t\t<section class=\"elementor-section elementor-top-section elementor-element elementor-element-17d9d04a elementor-section-height-min-height elementor-section-boxed elementor-section-height-default elementor-section-items-middle\" data-id=\"17d9d04a\" data-element_type=\"section\" data-e-type=\"section\" data-settings=\"{&quot;background_background&quot;:&quot;classic&quot;}\">\n\t\t\t\t\t\t\t<div class=\"elementor-background-overlay\"><\/div>\n\t\t\t\t\t\t\t<div class=\"elementor-container elementor-column-gap-default\">\n\t\t\t\t\t<div class=\"elementor-column elementor-col-100 elementor-top-column elementor-element elementor-element-145c2da9\" data-id=\"145c2da9\" data-element_type=\"column\" data-e-type=\"column\">\n\t\t\t<div class=\"elementor-widget-wrap elementor-element-populated\">\n\t\t\t\t\t\t<div class=\"elementor-element elementor-element-a72e533 elementor-widget elementor-widget-heading\" data-id=\"a72e533\" data-element_type=\"widget\" data-e-type=\"widget\" data-widget_type=\"heading.default\">\n\t\t\t\t<div class=\"elementor-widget-container\">\n\t\t\t\t\t<h1 class=\"elementor-heading-title elementor-size-default\">Casablanca airport Transportation<\/h1>\t\t\t\t<\/div>\n\t\t\t\t<\/div>\n\t\t\t\t<div class=\"elementor-element elementor-element-19851f4 elementor-widget elementor-widget-text-editor\" data-id=\"19851f4\" data-element_type=\"widget\" data-e-type=\"widget\" data-widget_type=\"text-editor.default\">\n\t\t\t\t<div class=\"elementor-widget-container\">\n\t\t\t\t\t\t\t\t\t<p>Compare and examine all public and private transfer options<\/p>\t\t\t\t\t\t\t\t<\/div>\n\t\t\t\t<\/div>\n\t\t\t\t<div class=\"elementor-element elementor-element-3d5a2b8 elementor-align-center elementor-widget elementor-widget-button\" data-id=\"3d5a2b8\" data-element_type=\"widget\" data-e-type=\"widget\" data-widget_type=\"button.default\">\n\t\t\t\t<div class=\"elementor-widget-container\">\n\t\t\t\t\t\t\t\t\t<div class=\"elementor-button-wrapper\">\n\t\t\t\t\t<a class=\"elementor-button elementor-button-link elementor-size-sm\" href=\"#book-taxi-now\">\n\t\t\t\t\t\t<span class=\"elementor-button-content-wrapper\">\n\t\t\t\t\t\t\t\t\t<span class=\"elementor-button-text\">Book Your Transfers in Advance<\/span>\n\t\t\t\t\t<\/span>\n\t\t\t\t\t<\/a>\n\t\t\t\t<\/div>\n\t\t\t\t\t\t\t\t<\/div>\n\t\t\t\t<\/div>\n\t\t\t\t<div class=\"elementor-element elementor-element-5ec3afe7 elementor-view-default elementor-invisible elementor-widget elementor-widget-icon\" data-id=\"5ec3afe7\" data-element_type=\"widget\" data-e-type=\"widget\" data-settings=\"{&quot;_animation&quot;:&quot;fadeInDown&quot;,&quot;_animation_delay&quot;:500}\" data-widget_type=\"icon.default\">\n\t\t\t\t<div class=\"elementor-widget-container\">\n\t\t\t\t\t\t\t<div class=\"elementor-icon-wrapper\">\n\t\t\t<div class=\"elementor-icon\">\n\t\t\t<svg aria-hidden=\"true\" class=\"e-font-icon-svg e-fas-chevron-down\" viewbox=\"0 0 448 512\" xmlns=\"http:\/\/www.w3.org\/2000\/svg\"><path d=\"M207.029 381.476L12.686 187.132c-9.373-9.373-9.373-24.569 0-33.941l22.667-22.667c9.357-9.357 24.522-9.375 33.901-.04L224 284.505l154.745-154.021c9.379-9.335 24.544-9.317 33.901.04l22.667 22.667c9.373 9.373 9.373 24.569 0 33.941L240.971 381.476c-9.373 9.372-24.569 9.372-33.942 0z\"><\/path><\/svg>\t\t\t<\/div>\n\t\t<\/div>\n\t\t\t\t\t\t<\/div>\n\t\t\t\t<\/div>\n\t\t\t\t\t<\/div>\n\t\t<\/div>\n\t\t\t\t\t<\/div>\n\t\t<\/section>\n\t\t\t\t<section class=\"elementor-section elementor-top-section elementor-element elementor-element-738b367a elementor-section-content-middle elementor-section-boxed elementor-section-height-default elementor-section-height-default\" data-id=\"738b367a\" data-element_type=\"section\" data-e-type=\"section\">\n\t\t\t\t\t\t<div class=\"elementor-container elementor-column-gap-default\">\n\t\t\t\t\t<div class=\"elementor-column elementor-col-50 elementor-top-column elementor-element elementor-element-4b5ac253\" data-id=\"4b5ac253\" data-element_type=\"column\" data-e-type=\"column\">\n\t\t\t<div class=\"elementor-widget-wrap elementor-element-populated\">\n\t\t\t\t\t\t<div class=\"elementor-element elementor-element-9ea4748 elementor-widget elementor-widget-text-editor\" data-id=\"9ea4748\" data-element_type=\"widget\" data-e-type=\"widget\" data-widget_type=\"text-editor.default\">\n\t\t\t\t<div class=\"elementor-widget-container\">\n\t\t\t\t\t\t\t\t\t<p><a href=\"https:\/\/airportcasablanca.com\/\">Casablanca International Airport (CMN)<\/a> &gt; \u00a0<strong>Transportation<\/strong><\/p>\t\t\t\t\t\t\t\t<\/div>\n\t\t\t\t<\/div>\n\t\t\t\t<div class=\"elementor-element elementor-element-1599804c elementor-widget elementor-widget-heading\" data-id=\"1599804c\" data-element_type=\"widget\" data-e-type=\"widget\" data-widget_type=\"heading.default\">\n\t\t\t\t<div class=\"elementor-widget-container\">\n\t\t\t\t\t<h2 class=\"elementor-heading-title elementor-size-default\">Transportation to and from Casablanca airport<\/h2>\t\t\t\t<\/div>\n\t\t\t\t<\/div>\n\t\t\t\t<div class=\"elementor-element elementor-element-d15625e elementor-widget elementor-widget-text-editor\" data-id=\"d15625e\" data-element_type=\"widget\" data-e-type=\"widget\" data-widget_type=\"text-editor.default\">\n\t\t\t\t<div class=\"elementor-widget-container\">\n\t\t\t\t\t\t\t\t\t<p data-start=\"106\" data-end=\"346\">After landing at\u2019<strong data-start=\"425\" data-end=\"468\">Mohammed V Casablanca Airport (CMN)<\/strong>, There are many ways to reach your final destination. Depending on your needs, your budget and the time you have available, you can opt for a cab, a private transfer, the ONCF train, a rental car or, in some cases, intercity buses. Each of these alternatives has its own advantages, so you can start your stay in Casablanca or elsewhere with complete peace of mind.<\/p>\t\t\t\t\t\t\t\t<\/div>\n\t\t\t\t<\/div>\n\t\t\t\t<div class=\"elementor-element elementor-element-c0f0dd5 elementor-widget elementor-widget-heading\" data-id=\"c0f0dd5\" data-element_type=\"widget\" data-e-type=\"widget\" data-widget_type=\"heading.default\">\n\t\t\t\t<div class=\"elementor-widget-container\">\n\t\t\t\t\t<h2 class=\"elementor-heading-title elementor-size-default\">Cabs<\/h2>\t\t\t\t<\/div>\n\t\t\t\t<\/div>\n\t\t\t\t<div class=\"elementor-element elementor-element-0cba723 elementor-widget elementor-widget-text-editor\" data-id=\"0cba723\" data-element_type=\"widget\" data-e-type=\"widget\" data-widget_type=\"text-editor.default\">\n\t\t\t\t<div class=\"elementor-widget-container\">\n\t\t\t\t\t\t\t\t\t<p data-start=\"106\" data-end=\"313\">Visit<a href=\"https:\/\/airportcasablanca.com\/transport\/taxi\/\"> Casablanca airport taxis<\/a> will take you to your destination safely and easily. At the terminal exits, you'll easily find an official white cab, available 24 hours a day.<\/p><p data-start=\"315\" data-end=\"667\">The fixed fare to downtown Casablanca is around 300 MAD (approx. \u20ac28 \/ 30 $) for a journey of around 45 minutes. However, time and cost may vary according to traffic conditions, especially during rush hours. Be sure to confirm the fare before departure to avoid any unpleasant surprises.<\/p>\t\t\t\t\t\t\t\t<\/div>\n\t\t\t\t<\/div>\n\t\t\t\t<div class=\"elementor-element elementor-element-9bd84bf elementor-widget elementor-widget-heading\" data-id=\"9bd84bf\" data-element_type=\"widget\" data-e-type=\"widget\" data-widget_type=\"heading.default\">\n\t\t\t\t<div class=\"elementor-widget-container\">\n\t\t\t\t\t<h2 class=\"elementor-heading-title elementor-size-default\">Train<\/h2>\t\t\t\t<\/div>\n\t\t\t\t<\/div>\n\t\t\t\t<div class=\"elementor-element elementor-element-9897369 elementor-widget elementor-widget-text-editor\" data-id=\"9897369\" data-element_type=\"widget\" data-e-type=\"widget\" data-widget_type=\"text-editor.default\">\n\t\t\t\t<div class=\"elementor-widget-container\">\n\t\t\t\t\t\t\t\t\t<p data-start=\"134\" data-end=\"445\">Visit <strong><a href=\"https:\/\/airportcasablanca.com\/transport\/train\/\">ONCF train<\/a><\/strong> is a fast, comfortable and economical alternative. The station is located directly <strong data-start=\"1588\" data-end=\"1625\">on the lower level of Terminal 1<\/strong>, for easy access. Trains link the airport to the station <strong data-start=\"1695\" data-end=\"1713\">Casa-Voyageurs<\/strong> and, on some routes, up to <strong data-start=\"1749\" data-end=\"1762\">Casa-Port<\/strong> downtown. Journey time averages <strong data-start=\"1817\" data-end=\"1836\">30-35 minutes<\/strong> and the ticket costs around <strong data-start=\"1864\" data-end=\"1874\">50 MAD<\/strong>, These are far cheaper than cabs. Trains run several times a day, usually with a frequency of one train per hour, making it an ideal option for travelers looking for a reliable and affordable transfer.<\/p>\t\t\t\t\t\t\t\t<\/div>\n\t\t\t\t<\/div>\n\t\t\t\t<div class=\"elementor-element elementor-element-784c919 elementor-widget elementor-widget-heading\" data-id=\"784c919\" data-element_type=\"widget\" data-e-type=\"widget\" data-widget_type=\"heading.default\">\n\t\t\t\t<div class=\"elementor-widget-container\">\n\t\t\t\t\t<h2 class=\"elementor-heading-title elementor-size-default\">Bus<\/h2>\t\t\t\t<\/div>\n\t\t\t\t<\/div>\n\t\t\t\t<div class=\"elementor-element elementor-element-f0ae710 elementor-widget elementor-widget-text-editor\" data-id=\"f0ae710\" data-element_type=\"widget\" data-e-type=\"widget\" data-widget_type=\"text-editor.default\">\n\t\t\t\t<div class=\"elementor-widget-container\">\n\t\t\t\t\t\t\t\t\t<p>Unlike other major cities, Casablanca does not yet have a regular urban bus service linking the airport directly to the city center. Bus services referred to as \u201c<strong><a href=\"https:\/\/airportcasablanca.com\/transport\/bus\/\">aerobus<\/a><\/strong>\u201dThese are often private shuttles organized by companies or hotels. For the time being, reliable public transport remains the <strong data-start=\"2472\" data-end=\"2481\">train<\/strong> and <strong data-start=\"2489\" data-end=\"2498\">cabs<\/strong>.<\/p>\t\t\t\t\t\t\t\t<\/div>\n\t\t\t\t<\/div>\n\t\t\t\t<div class=\"elementor-element elementor-element-7d8ce05 elementor-widget elementor-widget-heading\" data-id=\"7d8ce05\" data-element_type=\"widget\" data-e-type=\"widget\" data-widget_type=\"heading.default\">\n\t\t\t\t<div class=\"elementor-widget-container\">\n\t\t\t\t\t<h2 class=\"elementor-heading-title elementor-size-default\">Private airport transfers<\/h2>\t\t\t\t<\/div>\n\t\t\t\t<\/div>\n\t\t\t\t<div class=\"elementor-element elementor-element-e7fb6e0 elementor-widget elementor-widget-text-editor\" data-id=\"e7fb6e0\" data-element_type=\"widget\" data-e-type=\"widget\" data-widget_type=\"text-editor.default\">\n\t\t\t\t<div class=\"elementor-widget-container\">\n\t\t\t\t\t\t\t\t\t<p>More and more travellers are opting for a <a href=\"https:\/\/airportcasablanca.com\/transport\/transferts-aeroport\/\"><strong data-start=\"2574\" data-end=\"2602\">private airport transfer from Casablanca<\/strong><\/a>. Booked in advance, this service guarantees you a driver waiting for you at the terminal exit, with no waiting and no fare negotiation. The vehicles are comfortable, air-conditioned and suitable for individuals, families or groups. Prices vary according to destination, but it's the ideal solution for worry-free travel, especially after a long-haul flight or for late arrivals.<\/p>\t\t\t\t\t\t\t\t<\/div>\n\t\t\t\t<\/div>\n\t\t\t\t<div class=\"elementor-element elementor-element-de40e6e elementor-widget elementor-widget-heading\" data-id=\"de40e6e\" data-element_type=\"widget\" data-e-type=\"widget\" data-widget_type=\"heading.default\">\n\t\t\t\t<div class=\"elementor-widget-container\">\n\t\t\t\t\t<h2 class=\"elementor-heading-title elementor-size-default\">Car rental<\/h2>\t\t\t\t<\/div>\n\t\t\t\t<\/div>\n\t\t\t\t<div class=\"elementor-element elementor-element-3d79986 elementor-widget elementor-widget-text-editor\" data-id=\"3d79986\" data-element_type=\"widget\" data-e-type=\"widget\" data-widget_type=\"text-editor.default\">\n\t\t\t\t<div class=\"elementor-widget-container\">\n\t\t\t\t\t\t\t\t\t<p data-start=\"110\" data-end=\"395\">For those who wish to organize their stay in complete freedom, the <a href=\"https:\/\/airportcasablanca.com\/transport\/location-voiture-aeroport\/\"><strong data-start=\"3140\" data-end=\"3163\">car rental<\/strong><\/a> is an excellent option. Many international and local agencies are located directly in the airport terminals. Whether you're looking for a small city car to get around town or a 4\u00d74 to explore Morocco in depth, you'll find a wide choice of vehicles. Renting a car at the airport allows you to plan your trip at your own pace and easily reach other cities such as Rabat, Marrakech or Fez.<\/p>\t\t\t\t\t\t\t\t<\/div>\n\t\t\t\t<\/div>\n\t\t\t\t<div class=\"elementor-element elementor-element-2556867 elementor-widget elementor-widget-heading\" data-id=\"2556867\" data-element_type=\"widget\" data-e-type=\"widget\" data-widget_type=\"heading.default\">\n\t\t\t\t<div class=\"elementor-widget-container\">\n\t\t\t\t\t<h2 class=\"elementor-heading-title elementor-size-default\">From Casablanca airport to the city center<\/h2>\t\t\t\t<\/div>\n\t\t\t\t<\/div>\n\t\t\t\t<div class=\"elementor-element elementor-element-9625b68 elementor-widget elementor-widget-text-editor\" data-id=\"9625b68\" data-element_type=\"widget\" data-e-type=\"widget\" data-widget_type=\"text-editor.default\">\n\t\t\t\t<div class=\"elementor-widget-container\">\n\t\t\t\t\t\t\t\t\t<p data-start=\"3674\" data-end=\"4232\">Getting to the center of Casablanca from the airport is generally quick and easy. Cabs remain the most direct solution, with service available day and night and a fixed fare of around 300 MAD. For travelers preferring a more economical option, the ONCF train offers a smooth transfer to the city's main stations. Private transfers and rental cars offer greater comfort and flexibility. In all cases, allow for a journey time of 30 to 45 minutes, depending on traffic conditions.<\/p>\t\t\t\t\t\t\t\t<\/div>\n\t\t\t\t<\/div>\n\t\t\t\t<div class=\"elementor-element elementor-element-52666a4 elementor-widget elementor-widget-heading\" data-id=\"52666a4\" data-element_type=\"widget\" data-e-type=\"widget\" data-widget_type=\"heading.default\">\n\t\t\t\t<div class=\"elementor-widget-container\">\n\t\t\t\t\t<h2 class=\"elementor-heading-title elementor-size-default\">From Casablanca airport to Marrakech<\/h2>\t\t\t\t<\/div>\n\t\t\t\t<\/div>\n\t\t\t\t<div class=\"elementor-element elementor-element-1cde9a7 elementor-widget elementor-widget-text-editor\" data-id=\"1cde9a7\" data-element_type=\"widget\" data-e-type=\"widget\" data-widget_type=\"text-editor.default\">\n\t\t\t\t<div class=\"elementor-widget-container\">\n\t\t\t\t\t\t\t\t\t<p data-start=\"172\" data-end=\"463\">Marrakech is one of Morocco's most popular destinations, combining tradition, energy and a complete change of scenery. If your accommodation is in this emblematic southern city, you may be wondering how to get there after arriving at Casablanca's Mohammed V airport.<\/p><p data-start=\"465\" data-end=\"784\">Fortunately, there are several transport options available to you to get from Casablanca to Marrakech. Whether you choose a long-distance cab, private transfer, car rental or the ONCF train, you'll easily find the solution that suits your budget and your needs. there are several transport options <span style=\"color: #008000;\">from Casablanca airport to Marrakech.<\/span><\/p>\t\t\t\t\t\t\t\t<\/div>\n\t\t\t\t<\/div>\n\t\t\t\t\t<\/div>\n\t\t<\/div>\n\t\t\t\t<div class=\"elementor-column elementor-col-50 elementor-top-column elementor-element elementor-element-79138a1a\" data-id=\"79138a1a\" data-element_type=\"column\" data-e-type=\"column\" data-settings=\"{&quot;background_background&quot;:&quot;classic&quot;}\">\n\t\t\t<div class=\"elementor-widget-wrap elementor-element-populated\">\n\t\t\t\t\t\t<div class=\"elementor-element elementor-element-fb1223a elementor-widget elementor-widget-menu-anchor\" data-id=\"fb1223a\" data-element_type=\"widget\" data-e-type=\"widget\" data-widget_type=\"menu-anchor.default\">\n\t\t\t\t<div class=\"elementor-widget-container\">\n\t\t\t\t\t\t\t<div class=\"elementor-menu-anchor\" id=\"book-taxi-now\"><\/div>\n\t\t\t\t\t\t<\/div>\n\t\t\t\t<\/div>\n\t\t\t\t<div class=\"elementor-element elementor-element-3400554 elementor-widget elementor-widget-html\" data-id=\"3400554\" data-element_type=\"widget\" data-e-type=\"widget\" data-widget_type=\"html.default\">\n\t\t\t\t<div class=\"elementor-widget-container\">\n\t\t\t\t\t<div id=\"welcomepickups\">\r\n\r\n<script type=\"text\/props\">\r\n\r\n{\r\n\r\n\"city_name\":\"casablanca\",\r\n\r\n\"partner_id\":\"63468\",\r\n\r\n\"locale\":\"fr\",\r\n\r\n\"\":\"\"\r\n\r\n}\r\n\r\n\r\n<\/script>\r\n\r\n<\/div>\r\n\r\n<script src=\" https:\/\/cdn.b2b.welcomepickups.com\/widget\/bundle.js\"><\/script>\t\t\t\t<\/div>\n\t\t\t\t<\/div>\n\t\t\t\t\t<\/div>\n\t\t<\/div>\n\t\t\t\t\t<\/div>\n\t\t<\/section>\n\t\t\t\t<section class=\"elementor-section elementor-top-section elementor-element elementor-element-75d804ab elementor-section-boxed elementor-section-height-default elementor-section-height-default\" data-id=\"75d804ab\" data-element_type=\"section\" data-e-type=\"section\" data-settings=\"{&quot;background_background&quot;:&quot;classic&quot;}\">\n\t\t\t\t\t\t<div class=\"elementor-container elementor-column-gap-default\">\n\t\t\t\t\t<div class=\"elementor-column elementor-col-100 elementor-top-column elementor-element elementor-element-4182714f\" data-id=\"4182714f\" data-element_type=\"column\" data-e-type=\"column\">\n\t\t\t<div class=\"elementor-widget-wrap elementor-element-populated\">\n\t\t\t\t\t\t<section class=\"elementor-section elementor-inner-section elementor-element elementor-element-2dd58959 elementor-section-boxed elementor-section-height-default elementor-section-height-default\" data-id=\"2dd58959\" data-element_type=\"section\" data-e-type=\"section\">\n\t\t\t\t\t\t<div class=\"elementor-container elementor-column-gap-default\">\n\t\t\t\t\t<div class=\"elementor-column elementor-col-33 elementor-inner-column elementor-element elementor-element-5824ea54\" data-id=\"5824ea54\" data-element_type=\"column\" data-e-type=\"column\">\n\t\t\t<div class=\"elementor-widget-wrap elementor-element-populated\">\n\t\t\t\t\t\t<div class=\"elementor-element elementor-element-23eac52 elementor-view-stacked elementor-shape-square elementor-widget elementor-widget-icon\" data-id=\"23eac52\" data-element_type=\"widget\" data-e-type=\"widget\" data-widget_type=\"icon.default\">\n\t\t\t\t<div class=\"elementor-widget-container\">\n\t\t\t\t\t\t\t<div class=\"elementor-icon-wrapper\">\n\t\t\t<div class=\"elementor-icon\">\n\t\t\t<svg aria-hidden=\"true\" class=\"e-font-icon-svg e-fas-passport\" viewbox=\"0 0 448 512\" xmlns=\"http:\/\/www.w3.org\/2000\/svg\"><path d=\"M129.62 176h39.09c1.49-27.03 6.54-51.35 14.21-70.41-27.71 13.24-48.02 39.19-53.3 70.41zm0 32c5.29 31.22 25.59 57.17 53.3 70.41-7.68-19.06-12.72-43.38-14.21-70.41h-39.09zM224 286.69c7.69-7.45 20.77-34.42 23.43-78.69h-46.87c2.67 44.26 15.75 71.24 23.44 78.69zM200.57 176h46.87c-2.66-44.26-15.74-71.24-23.43-78.69-7.7 7.45-20.78 34.43-23.44 78.69zm64.51 102.41c27.71-13.24 48.02-39.19 53.3-70.41h-39.09c-1.49 27.03-6.53 51.35-14.21 70.41zM416 0H64C28.65 0 0 28.65 0 64v384c0 35.35 28.65 64 64 64h352c17.67 0 32-14.33 32-32V32c0-17.67-14.33-32-32-32zm-80 416H112c-8.8 0-16-7.2-16-16s7.2-16 16-16h224c8.8 0 16 7.2 16 16s-7.2 16-16 16zm-112-96c-70.69 0-128-57.31-128-128S153.31 64 224 64s128 57.31 128 128-57.31 128-128 128zm41.08-214.41c7.68 19.06 12.72 43.38 14.21 70.41h39.09c-5.28-31.22-25.59-57.17-53.3-70.41z\"><\/path><\/svg>\t\t\t<\/div>\n\t\t<\/div>\n\t\t\t\t\t\t<\/div>\n\t\t\t\t<\/div>\n\t\t\t\t<div class=\"elementor-element elementor-element-277045c elementor-widget elementor-widget-heading\" data-id=\"277045c\" data-element_type=\"widget\" data-e-type=\"widget\" data-widget_type=\"heading.default\">\n\t\t\t\t<div class=\"elementor-widget-container\">\n\t\t\t\t\t<p class=\"elementor-heading-title elementor-size-default\">32 M<\/p>\t\t\t\t<\/div>\n\t\t\t\t<\/div>\n\t\t\t\t<div class=\"elementor-element elementor-element-c67d14f elementor-widget elementor-widget-heading\" data-id=\"c67d14f\" data-element_type=\"widget\" data-e-type=\"widget\" data-widget_type=\"heading.default\">\n\t\t\t\t<div class=\"elementor-widget-container\">\n\t\t\t\t\t<h3 class=\"elementor-heading-title elementor-size-default\">Annual Passenger Traffic<\/h3>\t\t\t\t<\/div>\n\t\t\t\t<\/div>\n\t\t\t\t\t<\/div>\n\t\t<\/div>\n\t\t\t\t<div class=\"elementor-column elementor-col-33 elementor-inner-column elementor-element elementor-element-01a8991\" data-id=\"01a8991\" data-element_type=\"column\" data-e-type=\"column\">\n\t\t\t<div class=\"elementor-widget-wrap elementor-element-populated\">\n\t\t\t\t\t\t<div class=\"elementor-element elementor-element-152896f elementor-view-stacked elementor-shape-square elementor-widget elementor-widget-icon\" data-id=\"152896f\" data-element_type=\"widget\" data-e-type=\"widget\" data-widget_type=\"icon.default\">\n\t\t\t\t<div class=\"elementor-widget-container\">\n\t\t\t\t\t\t\t<div class=\"elementor-icon-wrapper\">\n\t\t\t<div class=\"elementor-icon\">\n\t\t\t<svg aria-hidden=\"true\" class=\"e-font-icon-svg e-fas-plane-departure\" viewbox=\"0 0 640 512\" xmlns=\"http:\/\/www.w3.org\/2000\/svg\"><path d=\"M624 448H16c-8.84 0-16 7.16-16 16v32c0 8.84 7.16 16 16 16h608c8.84 0 16-7.16 16-16v-32c0-8.84-7.16-16-16-16zM80.55 341.27c6.28 6.84 15.1 10.72 24.33 10.71l130.54-.18a65.62 65.62 0 0 0 29.64-7.12l290.96-147.65c26.74-13.57 50.71-32.94 67.02-58.31 18.31-28.48 20.3-49.09 13.07-63.65-7.21-14.57-24.74-25.27-58.25-27.45-29.85-1.94-59.54 5.92-86.28 19.48l-98.51 49.99-218.7-82.06a17.799 17.799 0 0 0-18-1.11L90.62 67.29c-10.67 5.41-13.25 19.65-5.17 28.53l156.22 98.1-103.21 52.38-72.35-36.47a17.804 17.804 0 0 0-16.07.02L9.91 230.22c-10.44 5.3-13.19 19.12-5.57 28.08l76.21 82.97z\"><\/path><\/svg>\t\t\t<\/div>\n\t\t<\/div>\n\t\t\t\t\t\t<\/div>\n\t\t\t\t<\/div>\n\t\t\t\t<div class=\"elementor-element elementor-element-cf70f3b elementor-widget elementor-widget-heading\" data-id=\"cf70f3b\" data-element_type=\"widget\" data-e-type=\"widget\" data-widget_type=\"heading.default\">\n\t\t\t\t<div class=\"elementor-widget-container\">\n\t\t\t\t\t<p class=\"elementor-heading-title elementor-size-default\"> 5,714 flights<\/p>\t\t\t\t<\/div>\n\t\t\t\t<\/div>\n\t\t\t\t<div class=\"elementor-element elementor-element-b8d278c elementor-widget elementor-widget-heading\" data-id=\"b8d278c\" data-element_type=\"widget\" data-e-type=\"widget\" data-widget_type=\"heading.default\">\n\t\t\t\t<div class=\"elementor-widget-container\">\n\t\t\t\t\t<h3 class=\"elementor-heading-title elementor-size-default\">Flight operations<\/h3>\t\t\t\t<\/div>\n\t\t\t\t<\/div>\n\t\t\t\t\t<\/div>\n\t\t<\/div>\n\t\t\t\t<div class=\"elementor-column elementor-col-33 elementor-inner-column elementor-element elementor-element-1e26c2f1\" data-id=\"1e26c2f1\" data-element_type=\"column\" data-e-type=\"column\">\n\t\t\t<div class=\"elementor-widget-wrap elementor-element-populated\">\n\t\t\t\t\t\t<div class=\"elementor-element elementor-element-616d0557 elementor-view-stacked elementor-shape-square elementor-widget elementor-widget-icon\" data-id=\"616d0557\" data-element_type=\"widget\" data-e-type=\"widget\" data-widget_type=\"icon.default\">\n\t\t\t\t<div class=\"elementor-widget-container\">\n\t\t\t\t\t\t\t<div class=\"elementor-icon-wrapper\">\n\t\t\t<div class=\"elementor-icon\">\n\t\t\t<svg aria-hidden=\"true\" class=\"e-font-icon-svg e-fas-chart-bar\" viewbox=\"0 0 512 512\" xmlns=\"http:\/\/www.w3.org\/2000\/svg\"><path d=\"M332.8 320h38.4c6.4 0 12.8-6.4 12.8-12.8V172.8c0-6.4-6.4-12.8-12.8-12.8h-38.4c-6.4 0-12.8 6.4-12.8 12.8v134.4c0 6.4 6.4 12.8 12.8 12.8zm96 0h38.4c6.4 0 12.8-6.4 12.8-12.8V76.8c0-6.4-6.4-12.8-12.8-12.8h-38.4c-6.4 0-12.8 6.4-12.8 12.8v230.4c0 6.4 6.4 12.8 12.8 12.8zm-288 0h38.4c6.4 0 12.8-6.4 12.8-12.8v-70.4c0-6.4-6.4-12.8-12.8-12.8h-38.4c-6.4 0-12.8 6.4-12.8 12.8v70.4c0 6.4 6.4 12.8 12.8 12.8zm96 0h38.4c6.4 0 12.8-6.4 12.8-12.8V108.8c0-6.4-6.4-12.8-12.8-12.8h-38.4c-6.4 0-12.8 6.4-12.8 12.8v198.4c0 6.4 6.4 12.8 12.8 12.8zM496 384H64V80c0-8.84-7.16-16-16-16H16C7.16 64 0 71.16 0 80v336c0 17.67 14.33 32 32 32h464c8.84 0 16-7.16 16-16v-32c0-8.84-7.16-16-16-16z\"><\/path><\/svg>\t\t\t<\/div>\n\t\t<\/div>\n\t\t\t\t\t\t<\/div>\n\t\t\t\t<\/div>\n\t\t\t\t<div class=\"elementor-element elementor-element-1cac198 elementor-widget elementor-widget-heading\" data-id=\"1cac198\" data-element_type=\"widget\" data-e-type=\"widget\" data-widget_type=\"heading.default\">\n\t\t\t\t<div class=\"elementor-widget-container\">\n\t\t\t\t\t<p class=\"elementor-heading-title elementor-size-default\">99%<\/p>\t\t\t\t<\/div>\n\t\t\t\t<\/div>\n\t\t\t\t<div class=\"elementor-element elementor-element-10c1ed8 elementor-widget elementor-widget-heading\" data-id=\"10c1ed8\" data-element_type=\"widget\" data-e-type=\"widget\" data-widget_type=\"heading.default\">\n\t\t\t\t<div class=\"elementor-widget-container\">\n\t\t\t\t\t<h3 class=\"elementor-heading-title elementor-size-default\">satisfaction<\/h3>\t\t\t\t<\/div>\n\t\t\t\t<\/div>\n\t\t\t\t\t<\/div>\n\t\t<\/div>\n\t\t\t\t\t<\/div>\n\t\t<\/section>\n\t\t\t\t\t<\/div>\n\t\t<\/div>\n\t\t\t\t\t<\/div>\n\t\t<\/section>\n\t\t\t\t<\/div>","protected":false},"excerpt":{"rendered":"<p>Transport \u00e0 l&rsquo;a\u00e9roport de Casablanca Comparez et examinez toutes les options de transfert publiques et priv\u00e9es R\u00e9servez \u00e0 L&rsquo;avance Vos Transferts A\u00e9roport international de Casablanca (CMN) &gt; \u00a0Transport Transport vers et depuis l&rsquo;a\u00e9roport de Casablanca Apr\u00e8s avoir atterri \u00e0 l\u2019A\u00e9roport Mohammed V de Casablanca (CMN), plusieurs solutions s\u2019offrent \u00e0 vous pour rejoindre votre destination finale. [&hellip;]<\/p>\n","protected":false},"author":1,"featured_media":0,"parent":0,"menu_order":0,"comment_status":"closed","ping_status":"closed","template":"","meta":{"footnotes":""},"class_list":["post-158","page","type-page","status-publish","hentry"],"_links":{"self":[{"href":"https:\/\/airportcasablanca.com\/en\/wp-json\/wp\/v2\/pages\/158","targetHints":{"allow":["GET"]}}],"collection":[{"href":"https:\/\/airportcasablanca.com\/en\/wp-json\/wp\/v2\/pages"}],"about":[{"href":"https:\/\/airportcasablanca.com\/en\/wp-json\/wp\/v2\/types\/page"}],"author":[{"embeddable":true,"href":"https:\/\/airportcasablanca.com\/en\/wp-json\/wp\/v2\/users\/1"}],"replies":[{"embeddable":true,"href":"https:\/\/airportcasablanca.com\/en\/wp-json\/wp\/v2\/comments?post=158"}],"version-history":[{"count":19,"href":"https:\/\/airportcasablanca.com\/en\/wp-json\/wp\/v2\/pages\/158\/revisions"}],"predecessor-version":[{"id":502,"href":"https:\/\/airportcasablanca.com\/en\/wp-json\/wp\/v2\/pages\/158\/revisions\/502"}],"wp:attachment":[{"href":"https:\/\/airportcasablanca.com\/en\/wp-json\/wp\/v2\/media?parent=158"}],"curies":[{"name":"wp","href":"https:\/\/api.w.org\/{rel}","templated":true}]}}